{"id":147,"date":"2014-12-22T11:20:39","date_gmt":"2014-12-22T10:20:39","guid":{"rendered":"https:\/\/ensemblecvocalkairos.wordpress.com\/?page_id=147"},"modified":"2025-10-14T18:40:15","modified_gmt":"2025-10-14T16:40:15","slug":"ensemblevocal","status":"publish","type":"page","link":"https:\/\/jackmedia.be\/kairos\/index.php\/ensemblevocal\/","title":{"rendered":"L&rsquo;ensemble vocal"},"content":{"rendered":"<p><strong>L\u2019ensemble vocal Ka\u00efros est dirig\u00e9 par Laurence Renson.<\/strong><\/p>\r\n<p>Il s\u2019est constitu\u00e9 en 2010 dans le cadre de la classe de Musique de Chambre de l\u2019Acad\u00e9mie de Musique de Saint-Gilles (Bruxelles), sous l\u2019impulsion de Bruno Crabb\u00e9 qui en a assur\u00e9 la direction jusqu&rsquo;en juin 2020.<\/p>\r\n<p>Les trente chanteurs et chanteuses de Ka\u00efros et leur cheffe de ch\u0153ur allient la qu\u00eate de qualit\u00e9 musicale au plaisir du chant polyphonique. Ensemble, ils explorent le r\u00e9pertoire pour ch\u0153ur a cappella, tant sacr\u00e9 que profane, principalement du XIX\u00e8me si\u00e8cle \u00e0 nos jours.<\/p>\r\n<p>L\u2019ensemble vocal donne r\u00e9guli\u00e8rement des concerts, en Belgique ou \u00e0 l\u2019\u00e9tranger, et participe \u00e0 des \u00e9v\u00e8nements tels que les Journ\u00e9es du Patrimoine, la F\u00eate de la Musique, le festival international de musique contemporaine Ars Musica, Acad\u00e9mix\u2026<\/p>\r\n<p>Ka\u00efros est affili\u00e9 au mouvement choral international A C\u0153ur Joie et est reconnu, avec mention \u00ab excellence \u00bb, par les Tourn\u00e9es Art et Vie de la F\u00e9d\u00e9ration Wallonie \u2013 Bruxelles.<\/p>\r\n<p style=\"text-align: justify;\">\u00a0<\/p>\r\n\r\n<h2>\u00a0<\/h2>\r\n\r\n\r\n\r\n<figure class=\"wp-block-image size-large\"><a href=\"https:\/\/ensemblecvocalkairos.files.wordpress.com\/2021\/08\/whatsapp-image-2021-07-31-at-02.50.46.jpeg\"><img class=\"wp-image-1406\" src=\"https:\/\/ensemblecvocalkairos.files.wordpress.com\/2021\/08\/whatsapp-image-2021-07-31-at-02.50.46.jpeg?w=1024\" alt=\"\" \/><\/a><\/figure>\r\n\r\n<div id=\"sconnect-is-installed\" style=\"display: none;\">2.12.0.0<\/div>\r\n<div id=\"ConnectiveDocSignExtentionInstalled\" data-extension-version=\"1.0.4\">\u00a0<\/div>","protected":false},"excerpt":{"rendered":"<p>L\u2019ensemble vocal Ka\u00efros est dirig\u00e9 par Laurence Renson. Il s\u2019est constitu\u00e9 en 2010 dans le cadre de la classe de Musique de Chambre de l\u2019Acad\u00e9mie de Musique de Saint-Gilles (Bruxelles), sous l\u2019impulsion de Bruno Crabb\u00e9 qui en a assur\u00e9 la direction jusqu&rsquo;en juin 2020. Les trente chanteurs et chanteuses de Ka\u00efros et leur cheffe de [&hellip;]<\/p>\n","protected":false},"author":1,"featured_media":0,"parent":0,"menu_order":0,"comment_status":"closed","ping_status":"closed","template":"","meta":[],"_links":{"self":[{"href":"https:\/\/jackmedia.be\/kairos\/index.php\/wp-json\/wp\/v2\/pages\/147"}],"collection":[{"href":"https:\/\/jackmedia.be\/kairos\/index.php\/wp-json\/wp\/v2\/pages"}],"about":[{"href":"https:\/\/jackmedia.be\/kairos\/index.php\/wp-json\/wp\/v2\/types\/page"}],"author":[{"embeddable":true,"href":"https:\/\/jackmedia.be\/kairos\/index.php\/wp-json\/wp\/v2\/users\/1"}],"replies":[{"embeddable":true,"href":"https:\/\/jackmedia.be\/kairos\/index.php\/wp-json\/wp\/v2\/comments?post=147"}],"version-history":[{"count":5,"href":"https:\/\/jackmedia.be\/kairos\/index.php\/wp-json\/wp\/v2\/pages\/147\/revisions"}],"predecessor-version":[{"id":2397,"href":"https:\/\/jackmedia.be\/kairos\/index.php\/wp-json\/wp\/v2\/pages\/147\/revisions\/2397"}],"wp:attachment":[{"href":"https:\/\/jackmedia.be\/kairos\/index.php\/wp-json\/wp\/v2\/media?parent=147"}],"curies":[{"name":"wp","href":"https:\/\/api.w.org\/{rel}","templated":true}]}}