{"id":36,"date":"2014-12-10T14:27:45","date_gmt":"2014-12-10T13:27:45","guid":{"rendered":"http:\/\/ensemblecvocalkairos.wordpress.com\/?page_id=36"},"modified":"2024-09-11T14:32:06","modified_gmt":"2024-09-11T12:32:06","slug":"contact","status":"publish","type":"page","link":"http:\/\/jackmedia.be\/kairos\/index.php\/contact\/","title":{"rendered":"Contact"},"content":{"rendered":"<h5><span style=\"color: #000000;\"><span style=\"color: #000000;\">Besoin d&rsquo;infos? <\/span><\/span><\/h5>\r\n<p><span style=\"color: #000000;\"><span style=\"color: #000000;\">Si vous \u00eates int\u00e9ress\u00e9s par nos activit\u00e9s ou que vous souhaitez programmer l\u2019ensemble vocal Ka\u00efros, n\u2019h\u00e9sitez pas \u00e0 nous contacter \u00e0 l&rsquo;adresse ci-dessous, nous vous r\u00e9pondrons dans les plus brefs d\u00e9lais. <\/span><\/span><span style=\"color: #d24726;\"><a href=\"mailto:kairos@ensemblekairos.be\">kairos@ensemblekairos.be <\/a><\/span><\/p>\r\n<h4>L&rsquo;\u00e9quipe<\/h4>\r\n<p><strong>Chef de choeur<\/strong> : Laurence Renson\u00a0\u00a0 <u>laurence.renson@gmail.com<\/u><\/p>\r\n<ul>\r\n<li><strong>Secr\u00e9taire<\/strong> : Monique Van Dormael monique.vdormael@gmail.com<\/li>\r\n<li><strong>Tr\u00e9sori\u00e8re<\/strong> : Anne Van der Plassche\u00a0 a.vanderplassche@gmail.com<\/li>\r\n<li><strong>M\u00e9dias<\/strong> : Colette Richard\u00a0\u00a0\u00a0\u00a0\u00a0 colette.richard@skynet.be<br \/>\u00a0\u00a0\u00a0\u00a0\u00a0\u00a0\u00a0\u00a0\u00a0\u00a0\u00a0 et Jean-Baptiste Dumont\u00a0 jbdumont@gmail.com<\/li>\r\n<li><strong>Partitions<\/strong> : Bernadette Schrurs\u00a0 bernadetteschrurs@gmail.com<\/li>\r\n<li><strong>Prospection<\/strong> : Jacques Barr\u00e9\u00a0 jbare@wood-advice-service.com \u00a0 \u00a0\u00a0<\/li>\r\n<li>\u00a0\u00a0\u00a0\u00a0\u00a0\u00a0\u00a0\u00a0\u00a0\u00a0\u00a0\u00a0\u00a0\u00a0\u00a0\u00a0\u00a0\u00a0\u00a0\u00a0\u00a0\u00a0\u00a0\u00a0\u00a0\u00a0\u00a0\u00a0 Xavier Van Roy xvanroy@telenet.be \u00a0\u00a0\u00a0\u00a0\u00a0\u00a0\u00a0\u00a0\u00a0\u00a0\u00a0\u00a0\u00a0\u00a0\u00a0\u00a0\u00a0\u00a0\u00a0\u00a0\u00a0\u00a0\u00a0\u00a0\u00a0\u00a0\u00a0\u00a0<\/li>\r\n<\/ul>\r\n<h6>\u00a0<\/h6>\r\n\r\n<p>&nbsp;<\/p>\r\n\r\n<div id=\"sconnect-is-installed\" style=\"display: none;\">2.15.0.0<\/div>\r\n<div id=\"sconnect-is-installed\" style=\"display: none;\">2.15.0.0<\/div>\r\n<div id=\"ConnectiveDocSignExtentionInstalled\" data-extension-version=\"1.0.4\">\u00a0<\/div>","protected":false},"excerpt":{"rendered":"<p>Besoin d&rsquo;infos? Si vous \u00eates int\u00e9ress\u00e9s par nos activit\u00e9s ou que vous souhaitez programmer l\u2019ensemble vocal Ka\u00efros, n\u2019h\u00e9sitez pas \u00e0 nous contacter \u00e0 l&rsquo;adresse ci-dessous, nous vous r\u00e9pondrons dans les plus brefs d\u00e9lais. kairos@ensemblekairos.be L&rsquo;\u00e9quipe Chef de choeur : Laurence Renson\u00a0\u00a0 laurence.renson@gmail.com Secr\u00e9taire : Monique Van Dormael monique.vdormael@gmail.com Tr\u00e9sori\u00e8re : Anne Van der Plassche\u00a0 a.vanderplassche@gmail.com [&hellip;]<\/p>\n","protected":false},"author":1,"featured_media":0,"parent":0,"menu_order":0,"comment_status":"closed","ping_status":"closed","template":"","meta":[],"_links":{"self":[{"href":"http:\/\/jackmedia.be\/kairos\/index.php\/wp-json\/wp\/v2\/pages\/36"}],"collection":[{"href":"http:\/\/jackmedia.be\/kairos\/index.php\/wp-json\/wp\/v2\/pages"}],"about":[{"href":"http:\/\/jackmedia.be\/kairos\/index.php\/wp-json\/wp\/v2\/types\/page"}],"author":[{"embeddable":true,"href":"http:\/\/jackmedia.be\/kairos\/index.php\/wp-json\/wp\/v2\/users\/1"}],"replies":[{"embeddable":true,"href":"http:\/\/jackmedia.be\/kairos\/index.php\/wp-json\/wp\/v2\/comments?post=36"}],"version-history":[{"count":4,"href":"http:\/\/jackmedia.be\/kairos\/index.php\/wp-json\/wp\/v2\/pages\/36\/revisions"}],"predecessor-version":[{"id":2162,"href":"http:\/\/jackmedia.be\/kairos\/index.php\/wp-json\/wp\/v2\/pages\/36\/revisions\/2162"}],"wp:attachment":[{"href":"http:\/\/jackmedia.be\/kairos\/index.php\/wp-json\/wp\/v2\/media?parent=36"}],"curies":[{"name":"wp","href":"https:\/\/api.w.org\/{rel}","templated":true}]}}